{"id":418,"date":"2026-03-09T03:07:40","date_gmt":"2026-03-09T02:07:40","guid":{"rendered":"https:\/\/silesian.it\/?page_id=418"},"modified":"2026-03-09T03:10:38","modified_gmt":"2026-03-09T02:10:38","slug":"start","status":"publish","type":"page","link":"https:\/\/silesian.it\/","title":{"rendered":"Start"},"content":{"rendered":"<p>[et_pb_section fb_built=&#8221;1&#8243; admin_label=&#8221;Header&#8221; _builder_version=&#8221;4.21.0&#8243; _module_preset=&#8221;default&#8221; background_color=&#8221;gcid-3cfc8c0c-5557-4a5d-9dab-24e78d615311&#8243; collapsed=&#8221;on&#8221; global_colors_info=&#8221;{%22gcid-3cfc8c0c-5557-4a5d-9dab-24e78d615311%22:%91%22background_color%22%93}&#8221;][et_pb_row _builder_version=&#8221;4.22.0&#8243; _module_preset=&#8221;default&#8221; global_colors_info=&#8221;{}&#8221;][et_pb_column type=&#8221;4_4&#8243; _builder_version=&#8221;4.21.0&#8243; _module_preset=&#8221;default&#8221; global_colors_info=&#8221;{}&#8221;][et_pb_text _builder_version=&#8221;4.18.0&#8243; _module_preset=&#8221;ece3d011-551c-44e7-893b-33eaff2fe9fa&#8221; global_colors_info=&#8221;{}&#8221;]Zapraszamy do naszych serwis\u00f3w:[\/et_pb_text][\/et_pb_column][\/et_pb_row][et_pb_row column_structure=&#8221;1_3,1_3,1_3&#8243; _builder_version=&#8221;4.22.0&#8243; _module_preset=&#8221;default&#8221; global_colors_info=&#8221;{}&#8221;][et_pb_column type=&#8221;1_3&#8243; _builder_version=&#8221;4.22.0&#8243; _module_preset=&#8221;default&#8221; global_colors_info=&#8221;{}&#8221;][et_pb_image src=&#8221;http:\/\/silesian.it\/wp-content\/uploads\/2026\/03\/glitch_lis.png&#8221; alt=&#8221;Cyberflux&#8221; title_text=&#8221;Cyberflux&#8221; _builder_version=&#8221;4.18.0&#8243; _module_preset=&#8221;default&#8221; max_height_tablet=&#8221;300px&#8221; max_height_phone=&#8221;300px&#8221; max_height_last_edited=&#8221;on|tablet&#8221; border_radii=&#8221;on|30px|30px|30px|30px&#8221; global_colors_info=&#8221;{}&#8221;][\/et_pb_image][et_pb_text _builder_version=&#8221;4.18.0&#8243; _module_preset=&#8221;849e934b-99ac-413b-8d8d-92ef9297c354&#8243; hover_enabled=&#8221;0&#8243; global_colors_info=&#8221;{}&#8221; sticky_enabled=&#8221;0&#8243;]<\/p>\n<h5>Cyberflux.pl<\/h5>\n<p>Serwis po\u015bwi\u0119cony tematyce CyberSec<\/p>\n<p>[\/et_pb_text][\/et_pb_column][et_pb_column type=&#8221;1_3&#8243; _builder_version=&#8221;4.22.0&#8243; _module_preset=&#8221;default&#8221; global_colors_info=&#8221;{}&#8221;][et_pb_image src=&#8221;http:\/\/silesian.it\/wp-content\/uploads\/2026\/03\/Zrzut-ekranu-2026-03-9-o-02.55.51.png&#8221; title_text=&#8221;Zrzut ekranu 2026-03-9 o 02.55.51&#8243; _builder_version=&#8221;4.18.0&#8243; _module_preset=&#8221;default&#8221; max_height_tablet=&#8221;300px&#8221; max_height_phone=&#8221;300px&#8221; max_height_last_edited=&#8221;on|tablet&#8221; border_radii=&#8221;on|30px|30px|30px|30px&#8221; global_colors_info=&#8221;{}&#8221;][\/et_pb_image][et_pb_text _builder_version=&#8221;4.18.0&#8243; _module_preset=&#8221;849e934b-99ac-413b-8d8d-92ef9297c354&#8243; hover_enabled=&#8221;0&#8243; global_colors_info=&#8221;{}&#8221; sticky_enabled=&#8221;0&#8243;]<\/p>\n<h5>iFOX<\/h5>\n<p>Centrum materia\u0142\u00f3w dla tw\u00f3rc\u00f3w wwww<\/p>\n<p>[\/et_pb_text][et_pb_image src=&#8221;http:\/\/silesian.it\/wp-content\/uploads\/2026\/03\/Zrzut-ekranu-2026-03-9-o-03.07.17.png&#8221; title_text=&#8221;Zrzut ekranu 2026-03-9 o 03.07.17&#8243; _builder_version=&#8221;4.18.0&#8243; _module_preset=&#8221;default&#8221; max_height_tablet=&#8221;300px&#8221; max_height_phone=&#8221;300px&#8221; max_height_last_edited=&#8221;on|tablet&#8221; border_radii=&#8221;on|30px|30px|30px|30px&#8221; global_colors_info=&#8221;{}&#8221;][\/et_pb_image][et_pb_text _builder_version=&#8221;4.18.0&#8243; _module_preset=&#8221;849e934b-99ac-413b-8d8d-92ef9297c354&#8243; hover_enabled=&#8221;0&#8243; global_colors_info=&#8221;{}&#8221; sticky_enabled=&#8221;0&#8243;]<\/p>\n<h5>Webflux.pl<\/h5>\n<p>Tworzenie w sieci w nowoczesnym wydaniu<\/p>\n<p>[\/et_pb_text][\/et_pb_column][et_pb_column type=&#8221;1_3&#8243; _builder_version=&#8221;4.22.0&#8243; _module_preset=&#8221;default&#8221; global_colors_info=&#8221;{}&#8221;][et_pb_image src=&#8221;http:\/\/silesian.it\/wp-content\/uploads\/2026\/03\/Zrzut-ekranu-2026-03-9-o-02.57.04.png&#8221; title_text=&#8221;Zrzut ekranu 2026-03-9 o 02.57.04&#8243; _builder_version=&#8221;4.18.0&#8243; _module_preset=&#8221;default&#8221; max_height_tablet=&#8221;300px&#8221; max_height_phone=&#8221;300px&#8221; max_height_last_edited=&#8221;on|tablet&#8221; border_radii=&#8221;on|30px|30px|30px|30px&#8221; global_colors_info=&#8221;{}&#8221;][\/et_pb_image][et_pb_text _builder_version=&#8221;4.18.0&#8243; _module_preset=&#8221;849e934b-99ac-413b-8d8d-92ef9297c354&#8243; hover_enabled=&#8221;0&#8243; global_colors_info=&#8221;{}&#8221; sticky_enabled=&#8221;0&#8243;]<\/p>\n<h5>Studio.ifox.pl<\/h5>\n<p>Us\u0142ugi zwi\u0105zane ze stronami www<\/p>\n<p>[\/et_pb_text][\/et_pb_column][\/et_pb_row][\/et_pb_section]<\/p>\n","protected":false},"excerpt":{"rendered":"<p>Zapraszamy do naszych serwis\u00f3w:Cyberflux.pl Serwis po\u015bwi\u0119cony tematyce CyberSeciFOX Centrum materia\u0142\u00f3w dla tw\u00f3rc\u00f3w wwwwWebflux.pl Tworzenie w sieci w nowoczesnym wydaniuStudio.ifox.pl Us\u0142ugi zwi\u0105zane ze stronami www<\/p>\n","protected":false},"author":2,"featured_media":0,"parent":0,"menu_order":0,"comment_status":"closed","ping_status":"closed","template":"","meta":{"_et_pb_use_builder":"on","_et_pb_old_content":"","_et_gb_content_width":"","footnotes":""},"class_list":["post-418","page","type-page","status-publish","hentry"],"_links":{"self":[{"href":"https:\/\/silesian.it\/index.php\/wp-json\/wp\/v2\/pages\/418","targetHints":{"allow":["GET"]}}],"collection":[{"href":"https:\/\/silesian.it\/index.php\/wp-json\/wp\/v2\/pages"}],"about":[{"href":"https:\/\/silesian.it\/index.php\/wp-json\/wp\/v2\/types\/page"}],"author":[{"embeddable":true,"href":"https:\/\/silesian.it\/index.php\/wp-json\/wp\/v2\/users\/2"}],"replies":[{"embeddable":true,"href":"https:\/\/silesian.it\/index.php\/wp-json\/wp\/v2\/comments?post=418"}],"version-history":[{"count":4,"href":"https:\/\/silesian.it\/index.php\/wp-json\/wp\/v2\/pages\/418\/revisions"}],"predecessor-version":[{"id":444,"href":"https:\/\/silesian.it\/index.php\/wp-json\/wp\/v2\/pages\/418\/revisions\/444"}],"wp:attachment":[{"href":"https:\/\/silesian.it\/index.php\/wp-json\/wp\/v2\/media?parent=418"}],"curies":[{"name":"wp","href":"https:\/\/api.w.org\/{rel}","templated":true}]}}